{"id":6,"date":"2021-09-26T17:05:38","date_gmt":"2021-09-26T17:05:38","guid":{"rendered":"https:\/\/heidehof-serwest.de\/?page_id=6"},"modified":"2021-09-28T17:58:35","modified_gmt":"2021-09-28T17:58:35","slug":"ueber-uns","status":"publish","type":"page","link":"https:\/\/heidehof-serwest.de\/?page_id=6","title":{"rendered":"\u00dcber uns"},"content":{"rendered":"<div data-colibri-id=\"6-c1\" class=\"style-256 style-local-6-c1 position-relative\">\n  <!---->\n  <div data-colibri-component=\"section\" data-colibri-id=\"6-c2\" id=\"custom\" class=\"h-section h-section-global-spacing d-flex align-items-lg-center align-items-md-center align-items-center style-265 style-local-6-c2 position-relative\">\n    <!---->\n    <!---->\n    <div class=\"h-section-grid-container h-section-boxed-container\">\n      <!---->\n      <div data-colibri-id=\"6-c3\" class=\"h-row-container gutters-row-lg-2 gutters-row-md-2 gutters-row-0 gutters-row-v-lg-2 gutters-row-v-md-2 gutters-row-v-2 style-266 style-local-6-c3 position-relative\">\n        <!---->\n        <div class=\"h-row justify-content-lg-center justify-content-md-center justify-content-center align-items-lg-stretch align-items-md-stretch align-items-stretch gutters-col-lg-2 gutters-col-md-2 gutters-col-0 gutters-col-v-lg-2 gutters-col-v-md-2 gutters-col-v-2\">\n          <!---->\n          <div class=\"h-column h-column-container d-flex h-col-lg-auto h-col-md-auto h-col-auto style-267-outer style-local-6-c4-outer\">\n            <div data-colibri-id=\"6-c4\" class=\"d-flex h-flex-basis h-column__inner h-px-lg-2 h-px-md-2 h-px-2 v-inner-lg-2 v-inner-md-2 v-inner-2 style-267 style-local-6-c4 position-relative\">\n              <!---->\n              <!---->\n              <div class=\"w-100 h-y-container h-column__content h-column__v-align flex-basis-100 align-self-lg-start align-self-md-start align-self-start\">\n                <!---->\n                <div data-colibri-id=\"6-c5\" class=\"h-text h-text-component style-268 style-local-6-c5 position-relative h-element\">\n                  <!---->\n                  <!---->\n                  <div class=\"\">\n                    <p>\n                      <br>\n                    <\/p>\n                    <p>Im \u00f6stlichen Teil des Landes Brandenburg im Landkreis Barnim liegt unser Heidehof, umgeben von Seen, Feldern, Wiesen und W\u00e4ldern.<\/p>\n                    <p>Bei uns genie\u00dfen Sie Urlaub in entspannter Atmosph\u00e4re, fernab der Hektik des Alltags.<\/p>\n                    <p>\n                      <br>\n                    <\/p>\n                  <\/div>\n                <\/div>\n                <div data-colibri-id=\"6-c6\" class=\"h-divider style-282 style-local-6-c6 position-relative h-element\">\n                  <!----><span class=\"h-divider__line style-282-line style-local-6-c6-line style-282-line style-local-6-c6-line\"><\/span><\/div>\n              <\/div>\n            <\/div>\n          <\/div>\n        <\/div>\n      <\/div>\n      <div data-colibri-id=\"6-c13\" class=\"h-row-container gutters-row-lg-2 gutters-row-md-2 gutters-row-0 gutters-row-v-lg-2 gutters-row-v-md-2 gutters-row-v-2 style-372 style-local-6-c13 position-relative\">\n        <!---->\n        <div class=\"h-row justify-content-lg-center justify-content-md-center justify-content-center align-items-lg-stretch align-items-md-stretch align-items-stretch gutters-col-lg-2 gutters-col-md-2 gutters-col-0 gutters-col-v-lg-2 gutters-col-v-md-2 gutters-col-v-2\">\n          <!---->\n          <div class=\"h-column h-column-container d-flex h-col-lg-auto h-col-md-auto h-col-auto style-373-outer style-local-6-c14-outer\">\n            <div data-colibri-id=\"6-c14\" class=\"d-flex h-flex-basis h-column__inner h-px-lg-2 h-px-md-2 h-px-2 v-inner-lg-2 v-inner-md-2 v-inner-2 style-373 style-local-6-c14 position-relative\">\n              <!---->\n              <!---->\n              <div class=\"w-100 h-y-container h-column__content h-column__v-align flex-basis-100 align-self-lg-start align-self-md-start align-self-start\">\n                <!---->\n                <div data-colibri-id=\"6-c16\" class=\"h-global-transition-all h-heading style-375 style-local-6-c16 position-relative h-element\">\n                  <!---->\n                  <div class=\"h-heading__outer style-375 style-local-6-c16\">\n                    <!---->\n                    <!---->\n                    <h4 class=\"\">Unser Heidehof<\/h4>\n                  <\/div>\n                <\/div>\n              <\/div>\n            <\/div>\n          <\/div>\n        <\/div>\n      <\/div>\n      <div data-colibri-id=\"6-c17\" class=\"h-row-container gutters-row-lg-2 gutters-row-md-2 gutters-row-0 gutters-row-v-lg-2 gutters-row-v-md-2 gutters-row-v-2 style-376 style-local-6-c17 position-relative\">\n        <!---->\n        <div class=\"h-row justify-content-lg-center justify-content-md-center justify-content-center align-items-lg-stretch align-items-md-stretch align-items-stretch gutters-col-lg-2 gutters-col-md-2 gutters-col-0 gutters-col-v-lg-2 gutters-col-v-md-2 gutters-col-v-2\">\n          <!---->\n          <div class=\"h-column h-column-container d-flex h-col-lg-auto h-col-md-auto h-col-auto style-377-outer style-local-6-c18-outer\">\n            <div data-colibri-id=\"6-c18\" class=\"d-flex h-flex-basis h-column__inner h-px-lg-2 h-px-md-2 h-px-2 v-inner-lg-2 v-inner-md-2 v-inner-2 style-377 style-local-6-c18 position-relative\">\n              <!---->\n              <!---->\n              <div class=\"w-100 h-y-container h-column__content h-column__v-align flex-basis-100 align-self-lg-start align-self-md-start align-self-start\">\n                <!---->\n                <div data-colibri-id=\"6-c20\" class=\"h-text h-text-component style-379 style-local-6-c20 position-relative h-element\">\n                  <!---->\n                  <!---->\n                  <div class=\"\">\n                    <p>Abseits der Ortsdurchfahrt Serwest finden Sie unseren Hof ums\u00e4umt von Wald und Wiesen. Hier hei\u00dft Sie die Familie Kohn herzlich Willkommen.<\/p>\n                    <p>Auf dem Hof leben au\u00dferdem Hund, Katze, H\u00fchner und noch so einiges mehr. &nbsp;Ihr Haustier k\u00f6nnen Sie nach Absprache selbstverst\u00e4ndlich gern mitbringen.&nbsp;<\/p>\n                    <p>\n                      <br>\n                    <\/p>\n                  <\/div>\n                <\/div>\n              <\/div>\n            <\/div>\n          <\/div>\n        <\/div>\n      <\/div>\n      <div data-colibri-id=\"6-c21\" class=\"h-row-container gutters-row-lg-2 gutters-row-md-2 gutters-row-0 gutters-row-v-lg-2 gutters-row-v-md-2 gutters-row-v-2 style-380 style-local-6-c21 position-relative\">\n        <!---->\n        <div class=\"h-row justify-content-lg-center justify-content-md-center justify-content-center align-items-lg-stretch align-items-md-stretch align-items-stretch gutters-col-lg-2 gutters-col-md-2 gutters-col-0 gutters-col-v-lg-2 gutters-col-v-md-2 gutters-col-v-2\">\n          <!---->\n          <div class=\"h-column h-column-container d-flex h-col-lg-auto h-col-md-auto h-col-auto style-381-outer style-local-6-c22-outer\">\n            <div data-colibri-id=\"6-c22\" class=\"d-flex h-flex-basis h-column__inner h-px-lg-2 h-px-md-2 h-px-2 v-inner-lg-2 v-inner-md-2 v-inner-2 style-381 style-local-6-c22 position-relative\">\n              <!---->\n              <!---->\n              <div class=\"w-100 h-y-container h-column__content h-column__v-align flex-basis-100 align-self-lg-start align-self-md-start align-self-start\">\n                <!---->\n                <div data-colibri-id=\"6-c24\" class=\"d-block style-383 style-local-6-c24 position-relative h-element\">\n                  <!---->\n                  <div class=\"h-image__frame-container-outer\">\n                    <div class=\"h-image__frame-container\">\n                      <!---->\n                      <!---->\n                      <img loading=\"lazy\" decoding=\"async\" width=\"400\" height=\"267\" src=\"https:\/\/heidehof-serwest.de\/wp-content\/uploads\/2021\/09\/DSC03022.jpg\" class=\"wp-image-273 style-383-image style-local-6-c24-image\" alt=\"\" srcset=\"https:\/\/heidehof-serwest.de\/wp-content\/uploads\/2021\/09\/DSC03022.jpg 400w, https:\/\/heidehof-serwest.de\/wp-content\/uploads\/2021\/09\/DSC03022-300x200.jpg 300w\" sizes=\"auto, (max-width: 400px) 100vw, 400px\" \/>\n                      <div class=\"h-image__frame h-hide-lg h-hide-md h-hide-sm style-383-frameImage style-local-6-c24-frameImage\"><\/div>\n                    <\/div>\n                  <\/div>\n                <\/div>\n              <\/div>\n            <\/div>\n          <\/div>\n        <\/div>\n      <\/div>\n      <div data-colibri-id=\"6-c7\" class=\"h-row-container gutters-row-lg-2 gutters-row-md-2 gutters-row-0 gutters-row-v-lg-2 gutters-row-v-md-2 gutters-row-v-2 style-290 style-local-6-c7 position-relative\">\n        <!---->\n        <div class=\"h-row justify-content-lg-center justify-content-md-center justify-content-center align-items-lg-stretch align-items-md-stretch align-items-stretch gutters-col-lg-2 gutters-col-md-2 gutters-col-0 gutters-col-v-lg-2 gutters-col-v-md-2 gutters-col-v-2\">\n          <!---->\n          <div class=\"h-column h-column-container d-flex h-col-lg-auto h-col-md-auto h-col-auto style-291-outer style-local-6-c8-outer\">\n            <div data-colibri-id=\"6-c8\" class=\"d-flex h-flex-basis h-column__inner h-px-lg-2 h-px-md-2 h-px-2 v-inner-lg-2 v-inner-md-2 v-inner-2 style-291 style-local-6-c8 position-relative\">\n              <!---->\n              <!---->\n              <div class=\"w-100 h-y-container h-column__content h-column__v-align flex-basis-100 align-self-lg-start align-self-md-start align-self-start\">\n                <!---->\n                <div data-colibri-id=\"6-c9\" class=\"h-global-transition-all h-heading style-293 style-local-6-c9 position-relative h-element\">\n                  <!---->\n                  <div class=\"h-heading__outer style-293 style-local-6-c9\">\n                    <!---->\n                    <!---->\n                    <h4 class=\"\">Die Umgebung<\/h4>\n                  <\/div>\n                <\/div>\n              <\/div>\n            <\/div>\n          <\/div>\n        <\/div>\n      <\/div>\n      <div data-colibri-id=\"6-c10\" class=\"h-row-container gutters-row-lg-2 gutters-row-md-2 gutters-row-0 gutters-row-v-lg-2 gutters-row-v-md-2 gutters-row-v-2 style-294 style-local-6-c10 position-relative\">\n        <!---->\n        <div class=\"h-row justify-content-lg-center justify-content-md-center justify-content-center align-items-lg-stretch align-items-md-stretch align-items-stretch gutters-col-lg-2 gutters-col-md-2 gutters-col-0 gutters-col-v-lg-2 gutters-col-v-md-2 gutters-col-v-2\">\n          <!---->\n          <div class=\"h-column h-column-container d-flex h-col-lg-auto h-col-md-auto h-col-auto style-296-outer style-local-6-c11-outer\">\n            <div data-colibri-id=\"6-c11\" class=\"d-flex h-flex-basis h-column__inner h-px-lg-2 h-px-md-2 h-px-2 v-inner-lg-2 v-inner-md-2 v-inner-2 style-296 style-local-6-c11 position-relative\">\n              <!---->\n              <!---->\n              <div class=\"w-100 h-y-container h-column__content h-column__v-align flex-basis-100 align-self-lg-start align-self-md-start align-self-start\">\n                <!---->\n                <div data-colibri-id=\"6-c12\" class=\"h-text h-text-component style-297 style-local-6-c12 position-relative h-element\">\n                  <!---->\n                  <!---->\n                  <div class=\"\">\n                    <p>Unser Heidehof liegt inmitten des Biosph\u00e4renreservates &#8222;Schorfheide-Chorin&#8220;.&nbsp;\n                      <br>Ein beliebtes Ausflugsziel ist das Kloster Chorin, welches jedes Jahr mit vielen Veranstaltungen und klassischen Musikkonzerten zahlreiche Besucher begeistert.&nbsp;<\/p>\n                    <p>Ein weiteres Highlight f\u00fcr Technikbegeisterte, ist das alte und das neue Schiffshebewerk in Niederfinow.&nbsp;<\/p>\n                    <p>F\u00fcr Ihren Aktivurlaub bieten sich zahlreiche Rad- und Wanderwege durch die Region an. Wer gern auf dem Wasser unterwegs ist, kann sich auf verschiedenen Gew\u00e4ssern bei einer Paddel- oder Bootstour treiben lassen.<\/p>\n                    <p>F\u00fcr Tierfreunde empfiehlt sich der Zoo in Eberswalde oder der Wildpark in Gro\u00df Sch\u00f6nebeck.<\/p>\n                  <\/div>\n                <\/div>\n              <\/div>\n            <\/div>\n          <\/div>\n        <\/div>\n      <\/div>\n      <div data-colibri-id=\"6-c25\" class=\"h-row-container gutters-row-lg-2 gutters-row-md-2 gutters-row-0 gutters-row-v-lg-2 gutters-row-v-md-2 gutters-row-v-2 style-384 style-local-6-c25 position-relative\">\n        <!---->\n        <div class=\"h-row justify-content-lg-center justify-content-md-center justify-content-center align-items-lg-stretch align-items-md-stretch align-items-stretch gutters-col-lg-2 gutters-col-md-2 gutters-col-0 gutters-col-v-lg-2 gutters-col-v-md-2 gutters-col-v-2\">\n          <!---->\n          <div class=\"h-column h-column-container d-flex h-col-lg-auto h-col-md-auto h-col-auto style-385-outer style-local-6-c26-outer\">\n            <div data-colibri-id=\"6-c26\" class=\"d-flex h-flex-basis h-column__inner h-px-lg-2 h-px-md-2 h-px-2 v-inner-lg-2 v-inner-md-2 v-inner-2 style-385 style-local-6-c26 position-relative\">\n              <!---->\n              <!---->\n              <div class=\"w-100 h-y-container h-column__content h-column__v-align flex-basis-100 align-self-lg-start align-self-md-start align-self-start\">\n                <!---->\n                <div data-colibri-id=\"6-c28\" class=\"d-block style-387 style-local-6-c28 position-relative h-element\">\n                  <!---->\n                  <div class=\"h-image__frame-container-outer\">\n                    <div class=\"h-image__frame-container\">\n                      <!---->\n                      <!---->\n                      <img loading=\"lazy\" decoding=\"async\" width=\"2558\" height=\"1009\" src=\"https:\/\/heidehof-serwest.de\/wp-content\/uploads\/2021\/09\/cropped-Rapsfeld-scaled-1.jpg\" class=\"wp-image-271 style-387-image style-local-6-c28-image\" alt=\"\" srcset=\"https:\/\/heidehof-serwest.de\/wp-content\/uploads\/2021\/09\/cropped-Rapsfeld-scaled-1.jpg 2558w, https:\/\/heidehof-serwest.de\/wp-content\/uploads\/2021\/09\/cropped-Rapsfeld-scaled-1-300x118.jpg 300w, https:\/\/heidehof-serwest.de\/wp-content\/uploads\/2021\/09\/cropped-Rapsfeld-scaled-1-1024x404.jpg 1024w, https:\/\/heidehof-serwest.de\/wp-content\/uploads\/2021\/09\/cropped-Rapsfeld-scaled-1-768x303.jpg 768w, https:\/\/heidehof-serwest.de\/wp-content\/uploads\/2021\/09\/cropped-Rapsfeld-scaled-1-1536x606.jpg 1536w, https:\/\/heidehof-serwest.de\/wp-content\/uploads\/2021\/09\/cropped-Rapsfeld-scaled-1-2048x808.jpg 2048w\" sizes=\"auto, (max-width: 2558px) 100vw, 2558px\" \/>\n                      <div class=\"h-image__frame h-hide-lg h-hide-md h-hide-sm style-387-frameImage style-local-6-c28-frameImage\"><\/div>\n                    <\/div>\n                  <\/div>\n                <\/div>\n              <\/div>\n            <\/div>\n          <\/div>\n        <\/div>\n      <\/div>\n    <\/div>\n  <\/div>\n<\/div>","protected":false},"excerpt":{"rendered":"<p>Im \u00f6stlichen Teil des Landes Brandenburg im Landkreis Barnim liegt unser Heidehof, umgeben von Seen, Feldern, Wiesen und W\u00e4ldern. Bei uns genie\u00dfen Sie Urlaub in entspannter Atmosph\u00e4re, fernab der Hektik [&hellip;]<\/p>\n","protected":false},"author":1,"featured_media":0,"parent":0,"menu_order":0,"comment_status":"closed","ping_status":"closed","template":"page-templates\/full-width-page.php","meta":{"footnotes":""},"class_list":["post-6","page","type-page","status-publish","hentry"],"_links":{"self":[{"href":"https:\/\/heidehof-serwest.de\/index.php?rest_route=\/wp\/v2\/pages\/6","targetHints":{"allow":["GET"]}}],"collection":[{"href":"https:\/\/heidehof-serwest.de\/index.php?rest_route=\/wp\/v2\/pages"}],"about":[{"href":"https:\/\/heidehof-serwest.de\/index.php?rest_route=\/wp\/v2\/types\/page"}],"author":[{"embeddable":true,"href":"https:\/\/heidehof-serwest.de\/index.php?rest_route=\/wp\/v2\/users\/1"}],"replies":[{"embeddable":true,"href":"https:\/\/heidehof-serwest.de\/index.php?rest_route=%2Fwp%2Fv2%2Fcomments&post=6"}],"version-history":[{"count":6,"href":"https:\/\/heidehof-serwest.de\/index.php?rest_route=\/wp\/v2\/pages\/6\/revisions"}],"predecessor-version":[{"id":275,"href":"https:\/\/heidehof-serwest.de\/index.php?rest_route=\/wp\/v2\/pages\/6\/revisions\/275"}],"wp:attachment":[{"href":"https:\/\/heidehof-serwest.de\/index.php?rest_route=%2Fwp%2Fv2%2Fmedia&parent=6"}],"curies":[{"name":"wp","href":"https:\/\/api.w.org\/{rel}","templated":true}]}}